{"id":169,"date":"2019-02-26T14:59:19","date_gmt":"2019-02-26T14:59:19","guid":{"rendered":"http:\/\/dofu.meritdesignshost.com\/?page_id=169"},"modified":"2019-02-26T15:06:55","modified_gmt":"2019-02-26T15:06:55","slug":"contacta-con-nosotros","status":"publish","type":"page","link":"https:\/\/dofu.com.do\/en\/nuestros-servicios\/contacta-con-nosotros\/","title":{"rendered":"Contacta con\u00a0nosotros"},"content":{"rendered":"<p>Incrementar la conversi\u00f3n comercial garantizando la satisfacci\u00f3n, retenci\u00f3n y lealtad de los clientes.<\/p>\n<p>Esta robusta soluci\u00f3n, incluye todas las etapas del proceso comercial; desde la identificaci\u00f3n de prospectos, hasta las acciones de post-venta, maximizando oportunidades de negocio y entregando experiencias excepcionales a los clientes.<\/p>\n<p>Esta robusta soluci\u00f3n, incluye todas las etapas del proceso comercial; desde la identificaci\u00f3n de prospectos, hasta las acciones de post-venta, maximizando oportunidades de negocio y entregando experiencias excepcionales a los clientes.<\/p>\n","protected":false},"excerpt":{"rendered":"<p>Incrementar la conversi\u00f3n comercial garantizando la satisfacci\u00f3n, retenci\u00f3n y lealtad de los clientes. Esta robusta [&hellip;]<\/p>\n","protected":false},"author":1,"featured_media":171,"parent":13,"menu_order":0,"comment_status":"closed","ping_status":"closed","template":"template_service.php","meta":[],"_links":{"self":[{"href":"https:\/\/dofu.com.do\/en\/wp-json\/wp\/v2\/pages\/169"}],"collection":[{"href":"https:\/\/dofu.com.do\/en\/wp-json\/wp\/v2\/pages"}],"about":[{"href":"https:\/\/dofu.com.do\/en\/wp-json\/wp\/v2\/types\/page"}],"author":[{"embeddable":true,"href":"https:\/\/dofu.com.do\/en\/wp-json\/wp\/v2\/users\/1"}],"replies":[{"embeddable":true,"href":"https:\/\/dofu.com.do\/en\/wp-json\/wp\/v2\/comments?post=169"}],"version-history":[{"count":2,"href":"https:\/\/dofu.com.do\/en\/wp-json\/wp\/v2\/pages\/169\/revisions"}],"predecessor-version":[{"id":175,"href":"https:\/\/dofu.com.do\/en\/wp-json\/wp\/v2\/pages\/169\/revisions\/175"}],"up":[{"embeddable":true,"href":"https:\/\/dofu.com.do\/en\/wp-json\/wp\/v2\/pages\/13"}],"wp:featuredmedia":[{"embeddable":true,"href":"https:\/\/dofu.com.do\/en\/wp-json\/wp\/v2\/media\/171"}],"wp:attachment":[{"href":"https:\/\/dofu.com.do\/en\/wp-json\/wp\/v2\/media?parent=169"}],"curies":[{"name":"wp","href":"https:\/\/api.w.org\/{rel}","templated":true}]}}